{"id":1942,"date":"2020-05-18T14:54:46","date_gmt":"2020-05-18T13:54:46","guid":{"rendered":"https:\/\/icksp.org.uk\/newbrighton\/?page_id=1942"},"modified":"2021-06-06T15:21:19","modified_gmt":"2021-06-06T14:21:19","slug":"litany-to-the-sacred-heart","status":"publish","type":"page","link":"https:\/\/icksp.org.uk\/newbrighton\/litany-to-the-sacred-heart\/","title":{"rendered":"Litany of the Sacred Heart &#8211; Act of reparation"},"content":{"rendered":"\n<div class=\"wp-block-columns is-layout-flex wp-container-core-columns-is-layout-9d6595d7 wp-block-columns-is-layout-flex\">\n<div class=\"wp-block-column is-layout-flow wp-block-column-is-layout-flow\">\n<p>K\u00fdrie, el\u00e9ison.<br>Christe, el\u00e9ison.<br>K\u00fdrie, el\u00e9ison.<\/p>\n\n\n\n<p>Christe, audi nos.<br>Christe, ex\u00e1udi nos.<\/p>\n\n\n\n<p>Pater de c\u00e1elis, Deus,&nbsp;<em>miser\u00e9re nobis.<\/em><br>Fili, red\u00e9mptor mundi, Deus,&nbsp;<em>miser\u00e9re nobis.<\/em><br>Sp\u00edritus Sancte, Deus,&nbsp;<em>miser\u00e9re nobis.<\/em><br>Sancta Tr\u00ednitas, unus Deus,&nbsp;<em>miser\u00e9re nobis.<\/em><\/p>\n\n\n\n<p>Cor J\u00e9su, f\u00edlii Patris aet\u00e9rni,&nbsp;<em>miser\u00e9re nobis.<\/em><br>Cor J\u00e9su, in sinu V\u00edrginis matris a Sp\u00edritu Sancto form\u00e1tum,<br>Cor J\u00e9su, Verbo Dei substanti\u00e1liter un\u00edtum,<br>Cor J\u00e9su, maiest\u00e1tis infin\u00edtae,<br>Cor J\u00e9su, templum Dei sanctum,<br>Cor J\u00e9su, tabern\u00e1culum Alt\u00edssimi,<br>Cor J\u00e9su, domus Dei et porta c\u00e1eli,<br>Cor J\u00e9su, fornax ardens carit\u00e1tis,<br>Cor J\u00e9su, iust\u00edtiae et am\u00f3ris recept\u00e1culum,<br>Cor J\u00e9su, bonit\u00e1te et am\u00f3re plenum,<br>Cor J\u00e9su, virt\u00fatum \u00f3mnium ab\u00fdssus,<br>Cor J\u00e9su, omni l\u00e1ude dign\u00edssimum,<br>Cor J\u00e9su, rex et centrum \u00f3mnium c\u00f3rdium,<br>Cor J\u00e9su, in quo sunt omnes thes\u00e1uri sapi\u00e9ntiae et sci\u00e9ntiae,<br>Cor J\u00e9su, in quo h\u00e1bitat omnis plenit\u00fado divinit\u00e1tis,<br>Cor J\u00e9su, in quo Pater sibi bene compl\u00e1cuit,<br>Cor J\u00e9su, de c\u00faius plenit\u00fadine omnes nos acc\u00e9pimus,<br>Cor J\u00e9su, desid\u00e9rium c\u00f3llium aetern\u00f3rum,<br>Cor J\u00e9su, p\u00e1tiens et m\u00faltae miseric\u00f3rdiae,<br>Cor J\u00e9su, dives in omnes qui \u00ednvocant te,<br>Cor J\u00e9su, fons v\u00edtae et sanctit\u00e1tis,<br>Cor J\u00e9su, propiti\u00e1tio pro pecc\u00e1tis nostris,<br>Cor J\u00e9su, satur\u00e1tum oppr\u00f3briis,<br>Cor J\u00e9su, attr\u00edtum propter sc\u00e9lera nostra,<br>Cor J\u00e9su, usque ad mortem ob\u00f3ediens factum,<br>Cor J\u00e9su, l\u00e1ncea perfor\u00e1tum,<br>Cor J\u00e9su, fons tot\u00edus consolati\u00f3nis,<br>Cor J\u00e9su, vita et resurr\u00e9ctio nostra,<br>Cor J\u00e9su, pax et reconcili\u00e1tio nostra,<br>Cor J\u00e9su, v\u00edctima peccat\u00f3rum,<br>Cor J\u00e9su, salus in te sper\u00e1ntium,<br>Cor J\u00e9su, spes in te mori\u00e9ntium,<br>Cor J\u00e9su, del\u00edciae sanct\u00f3rum \u00f3mnium,<\/p>\n<\/div>\n\n\n\n<div class=\"wp-block-column is-layout-flow wp-block-column-is-layout-flow\">\n<p>Lord, have mercy on us.&nbsp;<br>Christ, have mercy on us.&nbsp;<br>Lord, have mercy on us.<\/p>\n\n\n\n<p>Christ, hear us.&nbsp;<br>Christ, graciously hear us.&nbsp;<\/p>\n\n\n\n<p>God the Father of Heaven,&nbsp;<em>have mercy on us.&nbsp;<\/em><br>God the Son, Redeemer of the world,&nbsp;<em>have mercy on us.&nbsp;<\/em><br>God the Holy&nbsp;Ghost,&nbsp;<em>have mercy on us.&nbsp;<\/em><br>Holy Trinity, one God,<em>&nbsp;have mercy on us.&nbsp;<\/em><\/p>\n\n\n\n<p>Heart of Jesus, Son of the Eternal Father,&nbsp;<em>have mercy on us.&nbsp;<\/em><br>Heart of Jesus, formed by the Holy&nbsp;Ghost&nbsp;in&nbsp;the Virgin Mother&#8217;s womb,&nbsp;<br>Heart of Jesus, substantially united to the&nbsp;Word of God,&nbsp;<br>Heart of Jesus, of infinite majesty,&nbsp;<br>Heart of Jesus, holy temple of God,&nbsp;<br>Heart of Jesus, tabernacle of the Most High,&nbsp;<br>Heart of Jesus, house of God and gate of heaven,&nbsp;<br>Heart of Jesus, glowing furnace of charity,&nbsp;<br>Heart of Jesus, vessel of justice and love,&nbsp;<br>Heart of Jesus, full of goodness and love,&nbsp;<br>Heart of Jesus, abyss of all virtues,&nbsp;<br>Heart of Jesus, most worthy of all praise,&nbsp;<br>Heart of Jesus, King and center of all hearts,&nbsp;<br>Heart of Jesus, in whom are all the treasures&nbsp;of wisdom and knowledge,&nbsp;<br>Heart of Jesus, in whom dwells all the fullness of the Godhead,&nbsp;<br>Heart of Jesus, in whom the Father was well pleased,&nbsp;<br>Heart of Jesus, of whose fullness we have all received,&nbsp;<br>Heart of Jesus, desire of the everlasting hills,&nbsp;<br>Heart of Jesus, patient and rich in mercy,&nbsp;<br>Heart of Jesus, rich to all who call upon You,&nbsp;<br>Heart of Jesus, fount of life and holiness,&nbsp;<br>Heart of Jesus, propitiation for our offenses,&nbsp;<br>Heart of Jesus, overwhelmed with reproaches,&nbsp;<br>Heart of Jesus, bruised for our iniquities,&nbsp;<br>Heart of Jesus, obedient even unto death,&nbsp;<br>Heart of Jesus, pierced with a lance,&nbsp;<br>Heart of Jesus, source of all consolation,&nbsp;<br>Heart of Jesus, our life and resurrection,&nbsp;<br>Heart of Jesus, our peace and reconciliation,&nbsp;<br>Heart of Jesus, victim for our sins,&nbsp;<br>Heart of Jesus, salvation of those who hope in You,&nbsp;<br>Heart of Jesus, hope of those who die in You,&nbsp;<br>Heart of Jesus, delight of all saints,<\/p>\n<\/div>\n<\/div>\n\n\n\n<div class=\"wp-block-columns is-layout-flex wp-container-core-columns-is-layout-9d6595d7 wp-block-columns-is-layout-flex\">\n<div class=\"wp-block-column is-layout-flow wp-block-column-is-layout-flow\">\n<p>Agnus Dei, qui tollis pecc\u00e1ta mundi,&nbsp;<em>parce nobis, D\u00f3mine.<\/em><br>Agnus Dei, qui tollis pecc\u00e1ta mundi,&nbsp;<em>ex\u00e1udi nos, D\u00f3mine.<\/em><br>Agnus Dei, qui tollis pecc\u00e1ta mundi,&nbsp;<em>miser\u00e9re nobis.<\/em><\/p>\n<\/div>\n\n\n\n<div class=\"wp-block-column is-layout-flow wp-block-column-is-layout-flow\">\n<p>Lamb of God, who takest away the sins of the world,&nbsp;<em>Spare us, O Lord.&nbsp;<\/em><br>Lamb of God, who takest away the sins of the world,&nbsp;<em>Graciously hear us, O Lord.&nbsp;<\/em><br>Lamb of God, who takest away the sins of the world,&nbsp;<em>Have mercy on us.&nbsp;<\/em>&nbsp;<\/p>\n<\/div>\n<\/div>\n\n\n\n<div class=\"wp-block-columns is-layout-flex wp-container-core-columns-is-layout-9d6595d7 wp-block-columns-is-layout-flex\">\n<div class=\"wp-block-column is-layout-flow wp-block-column-is-layout-flow\">\n<p><em>V.\u202f<\/em> J\u00e9su, mitis et h\u00familis corde,<br><em>R.\u202f<\/em> Fac cor nostrum sec\u00fandum cor tuum.<\/p>\n\n\n\n<p>Or\u00e9mus.<br>Omn\u00edpotens sempit\u00e9rne Deus, r\u00e9spice in cor dilect\u00edssimi F\u00edlii tui, et in l\u00e1udes et satisfacti\u00f3nes quas in n\u00f3mine peccat\u00f3rum tibi pers\u00f3lvit, i\u00edsque miseric\u00f3rdiam tuam pet\u00e9ntibus tu v\u00e9niam conc\u00e9de plac\u00e1tus, in n\u00f3mine ei\u00fasdem F\u00edlii tui J\u00e9su Christi. Qui tecum vivit et regnat in s\u00e1ecula saecul\u00f3rum.<br><em>R.\u202f<\/em> Amen.<\/p>\n<\/div>\n\n\n\n<div class=\"wp-block-column is-layout-flow wp-block-column-is-layout-flow\">\n<p><em>V.\u202f<\/em> Jesus, meek and humble of Heart,&nbsp;<br><em>R.\u202f<\/em> Make our hearts like unto Thine.&nbsp;<\/p>\n\n\n\n<p>Let us pray.<br>Almighty and eternal God, look upon the Heart of Thy most beloved Son and upon the praises and satisfaction which He offers Thee in the name of sinners; and to those who implore Thy mercy, in Thy great goodness, grant forgiveness in the name of the same Jesus Christ, Thy Son, who livest and reignest with Thee forever and ever.<br><em>R.\u202f<\/em> Amen.<\/p>\n<\/div>\n<\/div>\n\n\n\n<h2 class=\"has-text-align-center wp-block-heading\">Act of reparation to the Sacred Heart of Jesus<\/h2>\n\n\n\n<p> <\/p>\n\n\n\n<p><\/p>\n\n\n\n<p class=\"has-drop-cap has-normal-font-size\"><img decoding=\"async\" src=\"https:\/\/icksp.org.uk\/newbrighton\/wp-content\/uploads\/sites\/2\/2020\/05\/Sacre-Coeur-de-Jesus.jpg\" style=\"float:left;margin-top:30px;margin-right:30px;margin-bottom:30px\">O\u00a0sweet Jesus, Whose overflowing charity for me is requited by so much forgetfulness, negligence and contempt, behold us prostrate before Your altar (in Your presence) eager to repair by a special act of homage the cruel indifference and injuries, to which Your loving Heart is everywhere subject.\u00a0<br><br>Mindful alas! that we ourselves have had a share in such great indignities, which we now deplore from the depths of our hearts, we humbly ask Your pardon and declare our readiness to atone by voluntary expiation not only for our own personal offences, but also for the sins of those, who, straying far from the path of salvation, refuse in their obstinate infidelity to follow You, their Shepherd and Leader, or, renouncing the vows of their baptism, have cast off the sweet yoke of Your Law.<br><br>We are now resolved to expiate\u00a0each\u00a0and every deplorable outrage committed against You; we are determined to make amends for the manifold offences against Christian modesty in unbecoming dress and\u00a0behaviour, for all the foul seductions laid to ensnare the feet of the innocent, for the frequent violations of Sundays and holy days, and the shocking blasphemies uttered against You and Your Saints.\u00a0<br><br>We wish also to make amends for the insults to which Your Vicar on earth and Your priest are subjected, for the profanation, by conscious neglect or terrible acts of sacrilege, of the very Sacrament of Your Divine Love; and lastly for the public crimes of nations who resist the rights and teaching authority of the Church which You have founded.<br><br>Would, O divine Jesus, we were able to wash away such abominations with our blood. We now offer, in reparation for these violations of Your divine\u00a0honour, the satisfaction You once made to Your eternal Father on the cross and which You continue to renew daily on our altars; we offer it in union with the acts of atonement of Your Virgin Mother and all the Saints and of the pious faithful on earth; and we sincerely promise to make recompense, as far as we can with the help of Your grace, for all neglect of Your great love and for the sins we and others have committed in the past.<br><br>Henceforth we will live a life of unwavering faith, of purity of conduct, of perfect observance of the precepts of the gospel and especially that of charity. We promise to the best of our power to prevent others from offending You and to bring as many as possible to follow You.<br><br>Loving Jesus, through the intercession of the Blessed Virgin Mary, our model in reparation, deign to receive the voluntary offering we make of this act of expiation; and by the crowning gift of perseverance keep us faithful unto death in our duty and the allegiance we owe to You, so that we may one day come to that happy home, where You with the Father and the Holy Ghost lives and reign, God, world without end.\u00a0<br><br>Amen.<\/p>\n\n\n\n<p><\/p>\n","protected":false},"excerpt":{"rendered":"<p>K\u00fdrie, el\u00e9ison.Christe, el\u00e9ison.K\u00fdrie, el\u00e9ison. Christe, audi nos.Christe, ex\u00e1udi nos. Pater de c\u00e1elis, Deus,&nbsp;miser\u00e9re nobis.Fili, red\u00e9mptor mundi, Deus,&nbsp;miser\u00e9re nobis.Sp\u00edritus Sancte, Deus,&nbsp;miser\u00e9re nobis.Sancta Tr\u00ednitas, unus Deus,&nbsp;miser\u00e9re nobis. Cor J\u00e9su, f\u00edlii Patris aet\u00e9rni,&nbsp;miser\u00e9re nobis.Cor J\u00e9su, in sinu V\u00edrginis matris a Sp\u00edritu Sancto form\u00e1tum,Cor J\u00e9su, Verbo Dei substanti\u00e1liter un\u00edtum,Cor J\u00e9su, maiest\u00e1tis infin\u00edtae,Cor J\u00e9su, templum Dei sanctum,Cor J\u00e9su, tabern\u00e1culum Alt\u00edssimi,Cor &#8230; <a title=\"Litany of the Sacred Heart &#8211; Act of reparation\" class=\"read-more\" href=\"https:\/\/icksp.org.uk\/newbrighton\/litany-to-the-sacred-heart\/\" aria-label=\"Read more about Litany of the Sacred Heart &#8211; Act of reparation\">Read more<\/a><\/p>\n","protected":false},"author":4,"featured_media":0,"parent":0,"menu_order":0,"comment_status":"closed","ping_status":"closed","template":"","meta":{"ngg_post_thumbnail":0,"footnotes":"","_links_to":"","_links_to_target":""},"class_list":["post-1942","page","type-page","status-publish"],"yoast_head":"<!-- This site is optimized with the Yoast SEO plugin v27.4 - https:\/\/yoast.com\/product\/yoast-seo-wordpress\/ -->\n<title>Litany of the Sacred Heart - Act of reparation - Ss. Peter &amp; Paul and St Philomena<\/title>\n<meta name=\"robots\" content=\"index, follow, max-snippet:-1, max-image-preview:large, max-video-preview:-1\" \/>\n<link rel=\"canonical\" href=\"https:\/\/icksp.org.uk\/newbrighton\/litany-to-the-sacred-heart\/\" \/>\n<meta property=\"og:locale\" content=\"en_GB\" \/>\n<meta property=\"og:type\" content=\"article\" \/>\n<meta property=\"og:title\" content=\"Litany of the Sacred Heart - Act of reparation - Ss. Peter &amp; Paul and St Philomena\" \/>\n<meta property=\"og:description\" content=\"K\u00fdrie, el\u00e9ison.Christe, el\u00e9ison.K\u00fdrie, el\u00e9ison. Christe, audi nos.Christe, ex\u00e1udi nos. Pater de c\u00e1elis, Deus,&nbsp;miser\u00e9re nobis.Fili, red\u00e9mptor mundi, Deus,&nbsp;miser\u00e9re nobis.Sp\u00edritus Sancte, Deus,&nbsp;miser\u00e9re nobis.Sancta Tr\u00ednitas, unus Deus,&nbsp;miser\u00e9re nobis. Cor J\u00e9su, f\u00edlii Patris aet\u00e9rni,&nbsp;miser\u00e9re nobis.Cor J\u00e9su, in sinu V\u00edrginis matris a Sp\u00edritu Sancto form\u00e1tum,Cor J\u00e9su, Verbo Dei substanti\u00e1liter un\u00edtum,Cor J\u00e9su, maiest\u00e1tis infin\u00edtae,Cor J\u00e9su, templum Dei sanctum,Cor J\u00e9su, tabern\u00e1culum Alt\u00edssimi,Cor ... Read more\" \/>\n<meta property=\"og:url\" content=\"https:\/\/icksp.org.uk\/newbrighton\/litany-to-the-sacred-heart\/\" \/>\n<meta property=\"og:site_name\" content=\"Ss. Peter &amp; Paul and St Philomena\" \/>\n<meta property=\"article:modified_time\" content=\"2021-06-06T14:21:19+00:00\" \/>\n<meta property=\"og:image\" content=\"https:\/\/icksp.org.uk\/newbrighton\/wp-content\/uploads\/sites\/2\/2020\/05\/Sacre-Coeur-de-Jesus.jpg\" \/>\n<meta name=\"twitter:card\" content=\"summary_large_image\" \/>\n<meta name=\"twitter:label1\" content=\"Estimated reading time\" \/>\n\t<meta name=\"twitter:data1\" content=\"6 minutes\" \/>\n<script type=\"application\/ld+json\" class=\"yoast-schema-graph\">{\"@context\":\"https:\\\/\\\/schema.org\",\"@graph\":[{\"@type\":\"WebPage\",\"@id\":\"https:\\\/\\\/icksp.org.uk\\\/newbrighton\\\/litany-to-the-sacred-heart\\\/\",\"url\":\"https:\\\/\\\/icksp.org.uk\\\/newbrighton\\\/litany-to-the-sacred-heart\\\/\",\"name\":\"Litany of the Sacred Heart - Act of reparation - Ss. Peter &amp; Paul and St Philomena\",\"isPartOf\":{\"@id\":\"https:\\\/\\\/icksp.org.uk\\\/newbrighton\\\/#website\"},\"primaryImageOfPage\":{\"@id\":\"https:\\\/\\\/icksp.org.uk\\\/newbrighton\\\/litany-to-the-sacred-heart\\\/#primaryimage\"},\"image\":{\"@id\":\"https:\\\/\\\/icksp.org.uk\\\/newbrighton\\\/litany-to-the-sacred-heart\\\/#primaryimage\"},\"thumbnailUrl\":\"https:\\\/\\\/icksp.org.uk\\\/newbrighton\\\/wp-content\\\/uploads\\\/sites\\\/2\\\/2020\\\/05\\\/Sacre-Coeur-de-Jesus.jpg\",\"datePublished\":\"2020-05-18T13:54:46+00:00\",\"dateModified\":\"2021-06-06T14:21:19+00:00\",\"breadcrumb\":{\"@id\":\"https:\\\/\\\/icksp.org.uk\\\/newbrighton\\\/litany-to-the-sacred-heart\\\/#breadcrumb\"},\"inLanguage\":\"en-GB\",\"potentialAction\":[{\"@type\":\"ReadAction\",\"target\":[\"https:\\\/\\\/icksp.org.uk\\\/newbrighton\\\/litany-to-the-sacred-heart\\\/\"]}]},{\"@type\":\"ImageObject\",\"inLanguage\":\"en-GB\",\"@id\":\"https:\\\/\\\/icksp.org.uk\\\/newbrighton\\\/litany-to-the-sacred-heart\\\/#primaryimage\",\"url\":\"https:\\\/\\\/icksp.org.uk\\\/newbrighton\\\/wp-content\\\/uploads\\\/sites\\\/2\\\/2020\\\/05\\\/Sacre-Coeur-de-Jesus.jpg\",\"contentUrl\":\"https:\\\/\\\/icksp.org.uk\\\/newbrighton\\\/wp-content\\\/uploads\\\/sites\\\/2\\\/2020\\\/05\\\/Sacre-Coeur-de-Jesus.jpg\",\"width\":283,\"height\":383},{\"@type\":\"BreadcrumbList\",\"@id\":\"https:\\\/\\\/icksp.org.uk\\\/newbrighton\\\/litany-to-the-sacred-heart\\\/#breadcrumb\",\"itemListElement\":[{\"@type\":\"ListItem\",\"position\":1,\"name\":\"Home\",\"item\":\"https:\\\/\\\/icksp.org.uk\\\/newbrighton\\\/\"},{\"@type\":\"ListItem\",\"position\":2,\"name\":\"Litany of the Sacred Heart &#8211; Act of reparation\"}]},{\"@type\":\"WebSite\",\"@id\":\"https:\\\/\\\/icksp.org.uk\\\/newbrighton\\\/#website\",\"url\":\"https:\\\/\\\/icksp.org.uk\\\/newbrighton\\\/\",\"name\":\"Ss. Peter &amp; Paul and St Philomena\",\"description\":\"New Brighton, Wirral\",\"publisher\":{\"@id\":\"https:\\\/\\\/icksp.org.uk\\\/newbrighton\\\/#organization\"},\"potentialAction\":[{\"@type\":\"SearchAction\",\"target\":{\"@type\":\"EntryPoint\",\"urlTemplate\":\"https:\\\/\\\/icksp.org.uk\\\/newbrighton\\\/?s={search_term_string}\"},\"query-input\":{\"@type\":\"PropertyValueSpecification\",\"valueRequired\":true,\"valueName\":\"search_term_string\"}}],\"inLanguage\":\"en-GB\"},{\"@type\":\"Organization\",\"@id\":\"https:\\\/\\\/icksp.org.uk\\\/newbrighton\\\/#organization\",\"name\":\"Ss. Peter &amp; Paul and St Philomena\",\"url\":\"https:\\\/\\\/icksp.org.uk\\\/newbrighton\\\/\",\"logo\":{\"@type\":\"ImageObject\",\"inLanguage\":\"en-GB\",\"@id\":\"https:\\\/\\\/icksp.org.uk\\\/newbrighton\\\/#\\\/schema\\\/logo\\\/image\\\/\",\"url\":\"https:\\\/\\\/icksp.org.uk\\\/newbrighton\\\/wp-content\\\/uploads\\\/sites\\\/2\\\/2018\\\/11\\\/Institut-Wappen-dunkelblau-Transparent-2017sm.png\",\"contentUrl\":\"https:\\\/\\\/icksp.org.uk\\\/newbrighton\\\/wp-content\\\/uploads\\\/sites\\\/2\\\/2018\\\/11\\\/Institut-Wappen-dunkelblau-Transparent-2017sm.png\",\"width\":80,\"height\":100,\"caption\":\"Ss. Peter &amp; Paul and St Philomena\"},\"image\":{\"@id\":\"https:\\\/\\\/icksp.org.uk\\\/newbrighton\\\/#\\\/schema\\\/logo\\\/image\\\/\"}}]}<\/script>\n<!-- \/ Yoast SEO plugin. -->","yoast_head_json":{"title":"Litany of the Sacred Heart - Act of reparation - Ss. Peter &amp; Paul and St Philomena","robots":{"index":"index","follow":"follow","max-snippet":"max-snippet:-1","max-image-preview":"max-image-preview:large","max-video-preview":"max-video-preview:-1"},"canonical":"https:\/\/icksp.org.uk\/newbrighton\/litany-to-the-sacred-heart\/","og_locale":"en_GB","og_type":"article","og_title":"Litany of the Sacred Heart - Act of reparation - Ss. Peter &amp; Paul and St Philomena","og_description":"K\u00fdrie, el\u00e9ison.Christe, el\u00e9ison.K\u00fdrie, el\u00e9ison. Christe, audi nos.Christe, ex\u00e1udi nos. Pater de c\u00e1elis, Deus,&nbsp;miser\u00e9re nobis.Fili, red\u00e9mptor mundi, Deus,&nbsp;miser\u00e9re nobis.Sp\u00edritus Sancte, Deus,&nbsp;miser\u00e9re nobis.Sancta Tr\u00ednitas, unus Deus,&nbsp;miser\u00e9re nobis. Cor J\u00e9su, f\u00edlii Patris aet\u00e9rni,&nbsp;miser\u00e9re nobis.Cor J\u00e9su, in sinu V\u00edrginis matris a Sp\u00edritu Sancto form\u00e1tum,Cor J\u00e9su, Verbo Dei substanti\u00e1liter un\u00edtum,Cor J\u00e9su, maiest\u00e1tis infin\u00edtae,Cor J\u00e9su, templum Dei sanctum,Cor J\u00e9su, tabern\u00e1culum Alt\u00edssimi,Cor ... Read more","og_url":"https:\/\/icksp.org.uk\/newbrighton\/litany-to-the-sacred-heart\/","og_site_name":"Ss. Peter &amp; Paul and St Philomena","article_modified_time":"2021-06-06T14:21:19+00:00","og_image":[{"url":"https:\/\/icksp.org.uk\/newbrighton\/wp-content\/uploads\/sites\/2\/2020\/05\/Sacre-Coeur-de-Jesus.jpg","type":"","width":"","height":""}],"twitter_card":"summary_large_image","twitter_misc":{"Estimated reading time":"6 minutes"},"schema":{"@context":"https:\/\/schema.org","@graph":[{"@type":"WebPage","@id":"https:\/\/icksp.org.uk\/newbrighton\/litany-to-the-sacred-heart\/","url":"https:\/\/icksp.org.uk\/newbrighton\/litany-to-the-sacred-heart\/","name":"Litany of the Sacred Heart - Act of reparation - Ss. Peter &amp; Paul and St Philomena","isPartOf":{"@id":"https:\/\/icksp.org.uk\/newbrighton\/#website"},"primaryImageOfPage":{"@id":"https:\/\/icksp.org.uk\/newbrighton\/litany-to-the-sacred-heart\/#primaryimage"},"image":{"@id":"https:\/\/icksp.org.uk\/newbrighton\/litany-to-the-sacred-heart\/#primaryimage"},"thumbnailUrl":"https:\/\/icksp.org.uk\/newbrighton\/wp-content\/uploads\/sites\/2\/2020\/05\/Sacre-Coeur-de-Jesus.jpg","datePublished":"2020-05-18T13:54:46+00:00","dateModified":"2021-06-06T14:21:19+00:00","breadcrumb":{"@id":"https:\/\/icksp.org.uk\/newbrighton\/litany-to-the-sacred-heart\/#breadcrumb"},"inLanguage":"en-GB","potentialAction":[{"@type":"ReadAction","target":["https:\/\/icksp.org.uk\/newbrighton\/litany-to-the-sacred-heart\/"]}]},{"@type":"ImageObject","inLanguage":"en-GB","@id":"https:\/\/icksp.org.uk\/newbrighton\/litany-to-the-sacred-heart\/#primaryimage","url":"https:\/\/icksp.org.uk\/newbrighton\/wp-content\/uploads\/sites\/2\/2020\/05\/Sacre-Coeur-de-Jesus.jpg","contentUrl":"https:\/\/icksp.org.uk\/newbrighton\/wp-content\/uploads\/sites\/2\/2020\/05\/Sacre-Coeur-de-Jesus.jpg","width":283,"height":383},{"@type":"BreadcrumbList","@id":"https:\/\/icksp.org.uk\/newbrighton\/litany-to-the-sacred-heart\/#breadcrumb","itemListElement":[{"@type":"ListItem","position":1,"name":"Home","item":"https:\/\/icksp.org.uk\/newbrighton\/"},{"@type":"ListItem","position":2,"name":"Litany of the Sacred Heart &#8211; Act of reparation"}]},{"@type":"WebSite","@id":"https:\/\/icksp.org.uk\/newbrighton\/#website","url":"https:\/\/icksp.org.uk\/newbrighton\/","name":"Ss. Peter &amp; Paul and St Philomena","description":"New Brighton, Wirral","publisher":{"@id":"https:\/\/icksp.org.uk\/newbrighton\/#organization"},"potentialAction":[{"@type":"SearchAction","target":{"@type":"EntryPoint","urlTemplate":"https:\/\/icksp.org.uk\/newbrighton\/?s={search_term_string}"},"query-input":{"@type":"PropertyValueSpecification","valueRequired":true,"valueName":"search_term_string"}}],"inLanguage":"en-GB"},{"@type":"Organization","@id":"https:\/\/icksp.org.uk\/newbrighton\/#organization","name":"Ss. Peter &amp; Paul and St Philomena","url":"https:\/\/icksp.org.uk\/newbrighton\/","logo":{"@type":"ImageObject","inLanguage":"en-GB","@id":"https:\/\/icksp.org.uk\/newbrighton\/#\/schema\/logo\/image\/","url":"https:\/\/icksp.org.uk\/newbrighton\/wp-content\/uploads\/sites\/2\/2018\/11\/Institut-Wappen-dunkelblau-Transparent-2017sm.png","contentUrl":"https:\/\/icksp.org.uk\/newbrighton\/wp-content\/uploads\/sites\/2\/2018\/11\/Institut-Wappen-dunkelblau-Transparent-2017sm.png","width":80,"height":100,"caption":"Ss. Peter &amp; Paul and St Philomena"},"image":{"@id":"https:\/\/icksp.org.uk\/newbrighton\/#\/schema\/logo\/image\/"}}]}},"_links":{"self":[{"href":"https:\/\/icksp.org.uk\/newbrighton\/wp-json\/wp\/v2\/pages\/1942","targetHints":{"allow":["GET"]}}],"collection":[{"href":"https:\/\/icksp.org.uk\/newbrighton\/wp-json\/wp\/v2\/pages"}],"about":[{"href":"https:\/\/icksp.org.uk\/newbrighton\/wp-json\/wp\/v2\/types\/page"}],"author":[{"embeddable":true,"href":"https:\/\/icksp.org.uk\/newbrighton\/wp-json\/wp\/v2\/users\/4"}],"replies":[{"embeddable":true,"href":"https:\/\/icksp.org.uk\/newbrighton\/wp-json\/wp\/v2\/comments?post=1942"}],"version-history":[{"count":38,"href":"https:\/\/icksp.org.uk\/newbrighton\/wp-json\/wp\/v2\/pages\/1942\/revisions"}],"predecessor-version":[{"id":4296,"href":"https:\/\/icksp.org.uk\/newbrighton\/wp-json\/wp\/v2\/pages\/1942\/revisions\/4296"}],"wp:attachment":[{"href":"https:\/\/icksp.org.uk\/newbrighton\/wp-json\/wp\/v2\/media?parent=1942"}],"curies":[{"name":"wp","href":"https:\/\/api.w.org\/{rel}","templated":true}]}}