{"id":1989,"date":"2020-05-22T15:02:53","date_gmt":"2020-05-22T14:02:53","guid":{"rendered":"https:\/\/icksp.org.uk\/newbrighton\/?page_id=1989"},"modified":"2021-05-17T16:57:55","modified_gmt":"2021-05-17T15:57:55","slug":"novena-in-preparation-to-the-feast-of-pentecost","status":"publish","type":"page","link":"https:\/\/icksp.org.uk\/newbrighton\/novena-in-preparation-to-the-feast-of-pentecost\/","title":{"rendered":"Novena in preparation to the Feast of Pentecost"},"content":{"rendered":"\n<figure class=\"wp-block-image size-large\"><img loading=\"lazy\" decoding=\"async\" width=\"1024\" height=\"603\" src=\"https:\/\/icksp.org.uk\/newbrighton\/wp-content\/uploads\/sites\/2\/2020\/05\/120-1024x603.jpg\" alt=\"\" class=\"wp-image-1998\" srcset=\"https:\/\/icksp.org.uk\/newbrighton\/wp-content\/uploads\/sites\/2\/2020\/05\/120-1024x603.jpg 1024w, https:\/\/icksp.org.uk\/newbrighton\/wp-content\/uploads\/sites\/2\/2020\/05\/120-300x177.jpg 300w, https:\/\/icksp.org.uk\/newbrighton\/wp-content\/uploads\/sites\/2\/2020\/05\/120-768x452.jpg 768w, https:\/\/icksp.org.uk\/newbrighton\/wp-content\/uploads\/sites\/2\/2020\/05\/120.jpg 1240w\" sizes=\"auto, (max-width: 1024px) 100vw, 1024px\" \/><\/figure>\n\n\n\n<div class=\"wp-block-columns is-layout-flex wp-container-core-columns-is-layout-9d6595d7 wp-block-columns-is-layout-flex\">\n<div class=\"wp-block-column is-layout-flow wp-block-column-is-layout-flow\">\n<p>Veni, Cre\u00e1tor Sp\u00edritus,<br>Mentes tu\u00f3rum v\u00edsita,<br>Imple sup\u00e9rna gr\u00e1tia,<br>Qu\u00e6 tu cre\u00e1sti p\u00e9ctora.<\/p>\n\n\n\n<p>Qui d\u00edceris Par\u00e1clitus,<br>Alt\u00edssimi donum Dei,<br>Fons vivus, ignis, c\u00e1ritas,<br>Et spirit\u00e1lis \u00fanctio.<\/p>\n\n\n\n<p>Tu septif\u00f3rmis m\u00fanere,<br>D\u00edgitus pat\u00e9rn\u00e6 d\u00e9xter\u00e6,<br>Tu rite prom\u00edssum Patris,<br>Serm\u00f3ne ditans g\u00fattura.<\/p>\n\n\n\n<p>Acc\u00e9nde lumen s\u00e9nsibus:<br>Infunde am\u00f3rem c\u00f3rdibus:<br>Inf\u00edrma nostri c\u00f3rporis<br>Virt\u00fate firmans p\u00e9rpeti.<\/p>\n\n\n\n<p>Hostem rep\u00e9llas l\u00f3ngius,<br>Pac\u00e9mque dones pr\u00f3tinus:<br>Duct\u00f3re sic te pr\u01fdvio<br>Vit\u00e9mus omne n\u00f3xium.<\/p>\n\n\n\n<p>Per te sci\u00e1mus da Patrem,<br>Nosc\u00e1mus atque F\u00edlium,<br>Teque utri\u00fasque Sp\u00edritum<br>Cred\u00e1mus omni t\u00e9mpore.<\/p>\n\n\n\n<p>Deo Patri sit gl\u00f3ria,<br>Et F\u00edlio, qui a m\u00f3rtuis<br>Surr\u00e9xit, ac Par\u00e1clito,<br>In s\u00e6cul\u00f3rum s\u01fdcula.<br>Amen.<\/p>\n<\/div>\n\n\n\n<div class=\"wp-block-column is-layout-flow wp-block-column-is-layout-flow\">\n<p>Creator-Spirit, all-divine,<br>Come, visit every soul of thine,<br>And fill with thy celestial flame<br>The hearts which thou thyself didst frame.<\/p>\n\n\n\n<p>O gift of God, thine is the sweet<br>Consoling name of Paraclete<br>And spring of life and fire and love<br>And unction flowing from above.<\/p>\n\n\n\n<p>The mystic sevenfold gifts are thine,<br>Finger of God&#8217;s right hand divine;<br>The Father&#8217;s promise sent to teach<br>The tongue a rich and heavenly speech.<\/p>\n\n\n\n<p>Kindle with fire brought from above<br>Each sense, and fill our hearts with love;<br>And grant our flesh, so weak and frail,<br>The strength of thine which cannot fail.<\/p>\n\n\n\n<p>Drive far away our deadly foe,<br>And grant us thy true peace to know;<br>So we, led by thy guidance still,<br>May safely pass through every ill.<\/p>\n\n\n\n<p>To us, through thee, the grace be shown<br>To know the Father and the Son;<br>And Spirit of them both, may we<br>Forever rest our faith in thee.<\/p>\n\n\n\n<p>To Sire and Son be praises meet,<br>And to the Holy Paraclete;<br>And may Christ send us from above<br>That Holy Spirit&#8217;s gift of love.<br>Amen<\/p>\n<\/div>\n<\/div>\n\n\n\n<div class=\"wp-block-columns is-layout-flex wp-container-core-columns-is-layout-9d6595d7 wp-block-columns-is-layout-flex\">\n<div class=\"wp-block-column is-layout-flow wp-block-column-is-layout-flow\">\n<p><em>V.<\/em> Em\u00edtte Sp\u00edritum tuum, et creab\u00fantur<br><em>R.<\/em> Et renov\u00e1bis f\u00e1ciem terr\u00e6.<br>Or\u00e9mus<br>Deus, qui hodi\u00e9rna die corda fid\u00e9lium Sancti Sp\u00edritus illustrati\u00f3ne docu\u00edsti: da nobis in e\u00f3dem Sp\u00edritu recta s\u00e1pere; et de eius semper consolati\u00f3ne gaud\u00e9re. Per D\u00f3minum nostrum Iesum Christum, F\u00edlium tuum: qui tecum vivit et regnat in unit\u00e1te ei\u00fasdem Sp\u00edritus Sancti, Deus, per \u00f3mnia s\u01fdcula s\u00e6cul\u00f3rum.<br><em>R.<\/em>\u00a0Amen.<\/p>\n<\/div>\n\n\n\n<div class=\"wp-block-column is-layout-flow wp-block-column-is-layout-flow\">\n<p><em>V.<\/em> Send forth Your Spirit, and they shall be created.<br><em>R.<\/em>and You shall renew the face of the earth.<br>Let us pray.<br>O\u00a0God, Who on this day didst teach the hearts of thy faithful people, by the sending to them the light of thine Holy Spirit, grant us by the same Spirit to have a right judgment in all things, and evermore to rejoice in His holy comfort. Through Jesus Christ, thy Son our Lord, Who liveth and reigneth with thee, in the unity of the same Holy Ghost, ever one God, world without end.<br><em>R.<\/em>\u00a0Amen.<\/p>\n<\/div>\n<\/div>\n\n\n\n<div class=\"wp-block-image\"><figure class=\"aligncenter size-large is-resized\"><img loading=\"lazy\" decoding=\"async\" src=\"https:\/\/icksp.org.uk\/newbrighton\/wp-content\/uploads\/sites\/2\/2020\/05\/Veni-creator-477x1024.jpg\" alt=\"\" class=\"wp-image-2000\" width=\"569\" height=\"1223\" srcset=\"https:\/\/icksp.org.uk\/newbrighton\/wp-content\/uploads\/sites\/2\/2020\/05\/Veni-creator-477x1024.jpg 477w, https:\/\/icksp.org.uk\/newbrighton\/wp-content\/uploads\/sites\/2\/2020\/05\/Veni-creator-140x300.jpg 140w\" sizes=\"auto, (max-width: 569px) 100vw, 569px\" \/><\/figure><\/div>\n\n\n\n<p><\/p>\n","protected":false},"excerpt":{"rendered":"<p>Veni, Cre\u00e1tor Sp\u00edritus,Mentes tu\u00f3rum v\u00edsita,Imple sup\u00e9rna gr\u00e1tia,Qu\u00e6 tu cre\u00e1sti p\u00e9ctora. Qui d\u00edceris Par\u00e1clitus,Alt\u00edssimi donum Dei,Fons vivus, ignis, c\u00e1ritas,Et spirit\u00e1lis \u00fanctio. Tu septif\u00f3rmis m\u00fanere,D\u00edgitus pat\u00e9rn\u00e6 d\u00e9xter\u00e6,Tu rite prom\u00edssum Patris,Serm\u00f3ne ditans g\u00fattura. Acc\u00e9nde lumen s\u00e9nsibus:Infunde am\u00f3rem c\u00f3rdibus:Inf\u00edrma nostri c\u00f3rporisVirt\u00fate firmans p\u00e9rpeti. Hostem rep\u00e9llas l\u00f3ngius,Pac\u00e9mque dones pr\u00f3tinus:Duct\u00f3re sic te pr\u01fdvioVit\u00e9mus omne n\u00f3xium. Per te sci\u00e1mus da Patrem,Nosc\u00e1mus atque &#8230; <a title=\"Novena in preparation to the Feast of Pentecost\" class=\"read-more\" href=\"https:\/\/icksp.org.uk\/newbrighton\/novena-in-preparation-to-the-feast-of-pentecost\/\" aria-label=\"Read more about Novena in preparation to the Feast of Pentecost\">Read more<\/a><\/p>\n","protected":false},"author":4,"featured_media":0,"parent":0,"menu_order":0,"comment_status":"closed","ping_status":"closed","template":"","meta":{"ngg_post_thumbnail":0,"footnotes":"","_links_to":"","_links_to_target":""},"class_list":["post-1989","page","type-page","status-publish"],"yoast_head":"<!-- This site is optimized with the Yoast SEO plugin v27.3 - https:\/\/yoast.com\/product\/yoast-seo-wordpress\/ -->\n<title>Novena in preparation to the Feast of Pentecost - Ss. Peter &amp; Paul and St Philomena<\/title>\n<meta name=\"robots\" content=\"index, follow, max-snippet:-1, max-image-preview:large, max-video-preview:-1\" \/>\n<link rel=\"canonical\" href=\"https:\/\/icksp.org.uk\/newbrighton\/novena-in-preparation-to-the-feast-of-pentecost\/\" \/>\n<meta property=\"og:locale\" content=\"en_GB\" \/>\n<meta property=\"og:type\" content=\"article\" \/>\n<meta property=\"og:title\" content=\"Novena in preparation to the Feast of Pentecost - Ss. Peter &amp; Paul and St Philomena\" \/>\n<meta property=\"og:description\" content=\"Veni, Cre\u00e1tor Sp\u00edritus,Mentes tu\u00f3rum v\u00edsita,Imple sup\u00e9rna gr\u00e1tia,Qu\u00e6 tu cre\u00e1sti p\u00e9ctora. Qui d\u00edceris Par\u00e1clitus,Alt\u00edssimi donum Dei,Fons vivus, ignis, c\u00e1ritas,Et spirit\u00e1lis \u00fanctio. Tu septif\u00f3rmis m\u00fanere,D\u00edgitus pat\u00e9rn\u00e6 d\u00e9xter\u00e6,Tu rite prom\u00edssum Patris,Serm\u00f3ne ditans g\u00fattura. Acc\u00e9nde lumen s\u00e9nsibus:Infunde am\u00f3rem c\u00f3rdibus:Inf\u00edrma nostri c\u00f3rporisVirt\u00fate firmans p\u00e9rpeti. Hostem rep\u00e9llas l\u00f3ngius,Pac\u00e9mque dones pr\u00f3tinus:Duct\u00f3re sic te pr\u01fdvioVit\u00e9mus omne n\u00f3xium. Per te sci\u00e1mus da Patrem,Nosc\u00e1mus atque ... Read more\" \/>\n<meta property=\"og:url\" content=\"https:\/\/icksp.org.uk\/newbrighton\/novena-in-preparation-to-the-feast-of-pentecost\/\" \/>\n<meta property=\"og:site_name\" content=\"Ss. Peter &amp; Paul and St Philomena\" \/>\n<meta property=\"article:modified_time\" content=\"2021-05-17T15:57:55+00:00\" \/>\n<meta property=\"og:image\" content=\"https:\/\/icksp.org.uk\/newbrighton\/wp-content\/uploads\/sites\/2\/2020\/05\/120-1024x603.jpg\" \/>\n<meta name=\"twitter:card\" content=\"summary_large_image\" \/>\n<meta name=\"twitter:label1\" content=\"Estimated reading time\" \/>\n\t<meta name=\"twitter:data1\" content=\"3 minutes\" \/>\n<script type=\"application\/ld+json\" class=\"yoast-schema-graph\">{\"@context\":\"https:\\\/\\\/schema.org\",\"@graph\":[{\"@type\":\"WebPage\",\"@id\":\"https:\\\/\\\/icksp.org.uk\\\/newbrighton\\\/novena-in-preparation-to-the-feast-of-pentecost\\\/\",\"url\":\"https:\\\/\\\/icksp.org.uk\\\/newbrighton\\\/novena-in-preparation-to-the-feast-of-pentecost\\\/\",\"name\":\"Novena in preparation to the Feast of Pentecost - Ss. Peter &amp; Paul and St Philomena\",\"isPartOf\":{\"@id\":\"https:\\\/\\\/icksp.org.uk\\\/newbrighton\\\/#website\"},\"primaryImageOfPage\":{\"@id\":\"https:\\\/\\\/icksp.org.uk\\\/newbrighton\\\/novena-in-preparation-to-the-feast-of-pentecost\\\/#primaryimage\"},\"image\":{\"@id\":\"https:\\\/\\\/icksp.org.uk\\\/newbrighton\\\/novena-in-preparation-to-the-feast-of-pentecost\\\/#primaryimage\"},\"thumbnailUrl\":\"https:\\\/\\\/icksp.org.uk\\\/newbrighton\\\/wp-content\\\/uploads\\\/sites\\\/2\\\/2020\\\/05\\\/120-1024x603.jpg\",\"datePublished\":\"2020-05-22T14:02:53+00:00\",\"dateModified\":\"2021-05-17T15:57:55+00:00\",\"breadcrumb\":{\"@id\":\"https:\\\/\\\/icksp.org.uk\\\/newbrighton\\\/novena-in-preparation-to-the-feast-of-pentecost\\\/#breadcrumb\"},\"inLanguage\":\"en-GB\",\"potentialAction\":[{\"@type\":\"ReadAction\",\"target\":[\"https:\\\/\\\/icksp.org.uk\\\/newbrighton\\\/novena-in-preparation-to-the-feast-of-pentecost\\\/\"]}]},{\"@type\":\"ImageObject\",\"inLanguage\":\"en-GB\",\"@id\":\"https:\\\/\\\/icksp.org.uk\\\/newbrighton\\\/novena-in-preparation-to-the-feast-of-pentecost\\\/#primaryimage\",\"url\":\"https:\\\/\\\/icksp.org.uk\\\/newbrighton\\\/wp-content\\\/uploads\\\/sites\\\/2\\\/2020\\\/05\\\/120.jpg\",\"contentUrl\":\"https:\\\/\\\/icksp.org.uk\\\/newbrighton\\\/wp-content\\\/uploads\\\/sites\\\/2\\\/2020\\\/05\\\/120.jpg\",\"width\":1240,\"height\":730},{\"@type\":\"BreadcrumbList\",\"@id\":\"https:\\\/\\\/icksp.org.uk\\\/newbrighton\\\/novena-in-preparation-to-the-feast-of-pentecost\\\/#breadcrumb\",\"itemListElement\":[{\"@type\":\"ListItem\",\"position\":1,\"name\":\"Home\",\"item\":\"https:\\\/\\\/icksp.org.uk\\\/newbrighton\\\/\"},{\"@type\":\"ListItem\",\"position\":2,\"name\":\"Novena in preparation to the Feast of Pentecost\"}]},{\"@type\":\"WebSite\",\"@id\":\"https:\\\/\\\/icksp.org.uk\\\/newbrighton\\\/#website\",\"url\":\"https:\\\/\\\/icksp.org.uk\\\/newbrighton\\\/\",\"name\":\"Ss. Peter &amp; Paul and St Philomena\",\"description\":\"New Brighton, Wirral\",\"publisher\":{\"@id\":\"https:\\\/\\\/icksp.org.uk\\\/newbrighton\\\/#organization\"},\"potentialAction\":[{\"@type\":\"SearchAction\",\"target\":{\"@type\":\"EntryPoint\",\"urlTemplate\":\"https:\\\/\\\/icksp.org.uk\\\/newbrighton\\\/?s={search_term_string}\"},\"query-input\":{\"@type\":\"PropertyValueSpecification\",\"valueRequired\":true,\"valueName\":\"search_term_string\"}}],\"inLanguage\":\"en-GB\"},{\"@type\":\"Organization\",\"@id\":\"https:\\\/\\\/icksp.org.uk\\\/newbrighton\\\/#organization\",\"name\":\"Ss. Peter &amp; Paul and St Philomena\",\"url\":\"https:\\\/\\\/icksp.org.uk\\\/newbrighton\\\/\",\"logo\":{\"@type\":\"ImageObject\",\"inLanguage\":\"en-GB\",\"@id\":\"https:\\\/\\\/icksp.org.uk\\\/newbrighton\\\/#\\\/schema\\\/logo\\\/image\\\/\",\"url\":\"https:\\\/\\\/icksp.org.uk\\\/newbrighton\\\/wp-content\\\/uploads\\\/sites\\\/2\\\/2018\\\/11\\\/Institut-Wappen-dunkelblau-Transparent-2017sm.png\",\"contentUrl\":\"https:\\\/\\\/icksp.org.uk\\\/newbrighton\\\/wp-content\\\/uploads\\\/sites\\\/2\\\/2018\\\/11\\\/Institut-Wappen-dunkelblau-Transparent-2017sm.png\",\"width\":80,\"height\":100,\"caption\":\"Ss. Peter &amp; Paul and St Philomena\"},\"image\":{\"@id\":\"https:\\\/\\\/icksp.org.uk\\\/newbrighton\\\/#\\\/schema\\\/logo\\\/image\\\/\"}}]}<\/script>\n<!-- \/ Yoast SEO plugin. -->","yoast_head_json":{"title":"Novena in preparation to the Feast of Pentecost - Ss. Peter &amp; Paul and St Philomena","robots":{"index":"index","follow":"follow","max-snippet":"max-snippet:-1","max-image-preview":"max-image-preview:large","max-video-preview":"max-video-preview:-1"},"canonical":"https:\/\/icksp.org.uk\/newbrighton\/novena-in-preparation-to-the-feast-of-pentecost\/","og_locale":"en_GB","og_type":"article","og_title":"Novena in preparation to the Feast of Pentecost - Ss. Peter &amp; Paul and St Philomena","og_description":"Veni, Cre\u00e1tor Sp\u00edritus,Mentes tu\u00f3rum v\u00edsita,Imple sup\u00e9rna gr\u00e1tia,Qu\u00e6 tu cre\u00e1sti p\u00e9ctora. Qui d\u00edceris Par\u00e1clitus,Alt\u00edssimi donum Dei,Fons vivus, ignis, c\u00e1ritas,Et spirit\u00e1lis \u00fanctio. Tu septif\u00f3rmis m\u00fanere,D\u00edgitus pat\u00e9rn\u00e6 d\u00e9xter\u00e6,Tu rite prom\u00edssum Patris,Serm\u00f3ne ditans g\u00fattura. Acc\u00e9nde lumen s\u00e9nsibus:Infunde am\u00f3rem c\u00f3rdibus:Inf\u00edrma nostri c\u00f3rporisVirt\u00fate firmans p\u00e9rpeti. Hostem rep\u00e9llas l\u00f3ngius,Pac\u00e9mque dones pr\u00f3tinus:Duct\u00f3re sic te pr\u01fdvioVit\u00e9mus omne n\u00f3xium. Per te sci\u00e1mus da Patrem,Nosc\u00e1mus atque ... Read more","og_url":"https:\/\/icksp.org.uk\/newbrighton\/novena-in-preparation-to-the-feast-of-pentecost\/","og_site_name":"Ss. Peter &amp; Paul and St Philomena","article_modified_time":"2021-05-17T15:57:55+00:00","og_image":[{"url":"https:\/\/icksp.org.uk\/newbrighton\/wp-content\/uploads\/sites\/2\/2020\/05\/120-1024x603.jpg","type":"","width":"","height":""}],"twitter_card":"summary_large_image","twitter_misc":{"Estimated reading time":"3 minutes"},"schema":{"@context":"https:\/\/schema.org","@graph":[{"@type":"WebPage","@id":"https:\/\/icksp.org.uk\/newbrighton\/novena-in-preparation-to-the-feast-of-pentecost\/","url":"https:\/\/icksp.org.uk\/newbrighton\/novena-in-preparation-to-the-feast-of-pentecost\/","name":"Novena in preparation to the Feast of Pentecost - Ss. Peter &amp; Paul and St Philomena","isPartOf":{"@id":"https:\/\/icksp.org.uk\/newbrighton\/#website"},"primaryImageOfPage":{"@id":"https:\/\/icksp.org.uk\/newbrighton\/novena-in-preparation-to-the-feast-of-pentecost\/#primaryimage"},"image":{"@id":"https:\/\/icksp.org.uk\/newbrighton\/novena-in-preparation-to-the-feast-of-pentecost\/#primaryimage"},"thumbnailUrl":"https:\/\/icksp.org.uk\/newbrighton\/wp-content\/uploads\/sites\/2\/2020\/05\/120-1024x603.jpg","datePublished":"2020-05-22T14:02:53+00:00","dateModified":"2021-05-17T15:57:55+00:00","breadcrumb":{"@id":"https:\/\/icksp.org.uk\/newbrighton\/novena-in-preparation-to-the-feast-of-pentecost\/#breadcrumb"},"inLanguage":"en-GB","potentialAction":[{"@type":"ReadAction","target":["https:\/\/icksp.org.uk\/newbrighton\/novena-in-preparation-to-the-feast-of-pentecost\/"]}]},{"@type":"ImageObject","inLanguage":"en-GB","@id":"https:\/\/icksp.org.uk\/newbrighton\/novena-in-preparation-to-the-feast-of-pentecost\/#primaryimage","url":"https:\/\/icksp.org.uk\/newbrighton\/wp-content\/uploads\/sites\/2\/2020\/05\/120.jpg","contentUrl":"https:\/\/icksp.org.uk\/newbrighton\/wp-content\/uploads\/sites\/2\/2020\/05\/120.jpg","width":1240,"height":730},{"@type":"BreadcrumbList","@id":"https:\/\/icksp.org.uk\/newbrighton\/novena-in-preparation-to-the-feast-of-pentecost\/#breadcrumb","itemListElement":[{"@type":"ListItem","position":1,"name":"Home","item":"https:\/\/icksp.org.uk\/newbrighton\/"},{"@type":"ListItem","position":2,"name":"Novena in preparation to the Feast of Pentecost"}]},{"@type":"WebSite","@id":"https:\/\/icksp.org.uk\/newbrighton\/#website","url":"https:\/\/icksp.org.uk\/newbrighton\/","name":"Ss. Peter &amp; Paul and St Philomena","description":"New Brighton, Wirral","publisher":{"@id":"https:\/\/icksp.org.uk\/newbrighton\/#organization"},"potentialAction":[{"@type":"SearchAction","target":{"@type":"EntryPoint","urlTemplate":"https:\/\/icksp.org.uk\/newbrighton\/?s={search_term_string}"},"query-input":{"@type":"PropertyValueSpecification","valueRequired":true,"valueName":"search_term_string"}}],"inLanguage":"en-GB"},{"@type":"Organization","@id":"https:\/\/icksp.org.uk\/newbrighton\/#organization","name":"Ss. Peter &amp; Paul and St Philomena","url":"https:\/\/icksp.org.uk\/newbrighton\/","logo":{"@type":"ImageObject","inLanguage":"en-GB","@id":"https:\/\/icksp.org.uk\/newbrighton\/#\/schema\/logo\/image\/","url":"https:\/\/icksp.org.uk\/newbrighton\/wp-content\/uploads\/sites\/2\/2018\/11\/Institut-Wappen-dunkelblau-Transparent-2017sm.png","contentUrl":"https:\/\/icksp.org.uk\/newbrighton\/wp-content\/uploads\/sites\/2\/2018\/11\/Institut-Wappen-dunkelblau-Transparent-2017sm.png","width":80,"height":100,"caption":"Ss. Peter &amp; Paul and St Philomena"},"image":{"@id":"https:\/\/icksp.org.uk\/newbrighton\/#\/schema\/logo\/image\/"}}]}},"_links":{"self":[{"href":"https:\/\/icksp.org.uk\/newbrighton\/wp-json\/wp\/v2\/pages\/1989","targetHints":{"allow":["GET"]}}],"collection":[{"href":"https:\/\/icksp.org.uk\/newbrighton\/wp-json\/wp\/v2\/pages"}],"about":[{"href":"https:\/\/icksp.org.uk\/newbrighton\/wp-json\/wp\/v2\/types\/page"}],"author":[{"embeddable":true,"href":"https:\/\/icksp.org.uk\/newbrighton\/wp-json\/wp\/v2\/users\/4"}],"replies":[{"embeddable":true,"href":"https:\/\/icksp.org.uk\/newbrighton\/wp-json\/wp\/v2\/comments?post=1989"}],"version-history":[{"count":10,"href":"https:\/\/icksp.org.uk\/newbrighton\/wp-json\/wp\/v2\/pages\/1989\/revisions"}],"predecessor-version":[{"id":4273,"href":"https:\/\/icksp.org.uk\/newbrighton\/wp-json\/wp\/v2\/pages\/1989\/revisions\/4273"}],"wp:attachment":[{"href":"https:\/\/icksp.org.uk\/newbrighton\/wp-json\/wp\/v2\/media?parent=1989"}],"curies":[{"name":"wp","href":"https:\/\/api.w.org\/{rel}","templated":true}]}}