{"id":2948,"date":"2020-11-19T10:42:03","date_gmt":"2020-11-19T10:42:03","guid":{"rendered":"https:\/\/icksp.org.uk\/newbrighton\/?page_id=2948"},"modified":"2020-11-19T12:42:18","modified_gmt":"2020-11-19T12:42:18","slug":"immaculate-conception","status":"publish","type":"page","link":"https:\/\/icksp.org.uk\/newbrighton\/immaculate-conception\/","title":{"rendered":"Novena in preparation to the feast of the Immaculate Conception"},"content":{"rendered":"\n<p>Download and print the <a href=\"https:\/\/icksp.org.uk\/newbrighton\/novena-immaculate\/\">booklet<\/a><\/p>\n\n\n\n<p><em>The priest arrives at the foot of the altar and leads the people in reciting one decade of the Rosary, followed three times by the invocation: \u201cO Mary, conceived without sin, pray for us who have recourse to thee\u201d. Then a sermon might follow.<\/em><\/p>\n\n\n\n<h3 class=\"has-text-align-center wp-block-heading\"><strong>Exposition of the Blessed Sacrament<\/strong><\/h3>\n\n\n\n<div class=\"wp-block-columns is-layout-flex wp-container-core-columns-is-layout-9d6595d7 wp-block-columns-is-layout-flex\">\n<div class=\"wp-block-column is-layout-flow wp-block-column-is-layout-flow\" style=\"flex-basis:66.66%\">\n<figure class=\"wp-block-image size-large\"><img loading=\"lazy\" decoding=\"async\" width=\"532\" height=\"453\" src=\"https:\/\/icksp.org.uk\/newbrighton\/wp-content\/uploads\/sites\/2\/2020\/11\/Ave-Verum.png\" alt=\"\" class=\"wp-image-2961\" srcset=\"https:\/\/icksp.org.uk\/newbrighton\/wp-content\/uploads\/sites\/2\/2020\/11\/Ave-Verum.png 532w, https:\/\/icksp.org.uk\/newbrighton\/wp-content\/uploads\/sites\/2\/2020\/11\/Ave-Verum-300x255.png 300w\" sizes=\"auto, (max-width: 532px) 100vw, 532px\" \/><\/figure>\n<\/div>\n\n\n\n<div class=\"wp-block-column is-layout-flow wp-block-column-is-layout-flow\" style=\"flex-basis:33.33%\">\n<p><em>Hail to Thee! True Body sprung from of the Virgin Mary\u2019s womb!<\/em><br><em>The same that on the Cross was hung and bore for man the bitter doom.<\/em><\/p>\n\n\n\n<p><em>Thou whose side was pierced and flowed both with water and with blood;&nbsp;<\/em><br><em>suffer us to taste of Thee in our life\u2019s last agony.&nbsp;<\/em><\/p>\n\n\n\n<p><em>O kind, O loving One! O Jesus, Mary\u2019s Son!<\/em><\/p>\n<\/div>\n<\/div>\n\n\n\n<h3 class=\"has-text-align-center wp-block-heading\"><strong>Novena Prayer<\/strong><\/h3>\n\n\n\n<p>O&nbsp;Most Holy Virgin who wast pleasing to God and didst become His Mother. Immaculate in your body, in your soul, in your faith and in your love, we beseech thee to look graciously upon the wretched who implore thy powerful protection.&nbsp;<\/p>\n\n\n\n<p>The wicked serpent, against whom the primal curse was hurled, continues nonetheless to wage war and to lay snares for the unhappy children of Eve.&nbsp;<\/p>\n\n\n\n<p>Ah, do thou, our blessed Mother, our Queen and Advocate, who from the first instant of thy conception didst crush the head of our enemy, receive the prayers that we unite single-heartedly to thine and conjure thee to offer at the throne of God, that we may never fall into the snares that are laid for us, in such wise that we may all come to the haven of salvation; and in the midst of so many dangers may holy Church and the fellowship of Christians everywhere sing once more the hymn of deliverance, victory and peace.&nbsp;<\/p>\n\n\n\n<p>Amen.<\/p>\n\n\n\n<h3 class=\"has-text-align-center wp-block-heading\"><strong>Tota pulchra es<\/strong><\/h3>\n\n\n\n<div class=\"wp-block-columns is-layout-flex wp-container-core-columns-is-layout-9d6595d7 wp-block-columns-is-layout-flex\">\n<div class=\"wp-block-column is-layout-flow wp-block-column-is-layout-flow\" style=\"flex-basis:66.66%\">\n<figure class=\"wp-block-image size-large\"><img loading=\"lazy\" decoding=\"async\" width=\"1024\" height=\"589\" src=\"https:\/\/icksp.org.uk\/newbrighton\/wp-content\/uploads\/sites\/2\/2020\/11\/Tota-pulchra-es-1-1024x589.png\" alt=\"\" class=\"wp-image-2975\" srcset=\"https:\/\/icksp.org.uk\/newbrighton\/wp-content\/uploads\/sites\/2\/2020\/11\/Tota-pulchra-es-1-1024x589.png 1024w, https:\/\/icksp.org.uk\/newbrighton\/wp-content\/uploads\/sites\/2\/2020\/11\/Tota-pulchra-es-1-300x173.png 300w, https:\/\/icksp.org.uk\/newbrighton\/wp-content\/uploads\/sites\/2\/2020\/11\/Tota-pulchra-es-1-768x442.png 768w, https:\/\/icksp.org.uk\/newbrighton\/wp-content\/uploads\/sites\/2\/2020\/11\/Tota-pulchra-es-1-1536x884.png 1536w, https:\/\/icksp.org.uk\/newbrighton\/wp-content\/uploads\/sites\/2\/2020\/11\/Tota-pulchra-es-1.png 1543w\" sizes=\"auto, (max-width: 1024px) 100vw, 1024px\" \/><\/figure>\n<\/div>\n\n\n\n<div class=\"wp-block-column is-layout-flow wp-block-column-is-layout-flow\" style=\"flex-basis:33.33%\">\n<p><em>Thou art all fair, O Mary, Thou art all fair,<\/em><br><em>and no stain is in thee.&nbsp;<\/em><br><em>How lovely, how sweet in its delights, <\/em><br><em>Thy Conception unstained.&nbsp;<\/em><\/p>\n\n\n\n<p><em>Come from Mount Lebanon, <\/em><br><em>Come from Mount Lebanon; <\/em><br><em>Come, thou shalt be crowned.&nbsp;<\/em><\/p>\n<\/div>\n<\/div>\n\n\n\n<div class=\"wp-block-columns is-layout-flex wp-container-core-columns-is-layout-9d6595d7 wp-block-columns-is-layout-flex\">\n<div class=\"wp-block-column is-layout-flow wp-block-column-is-layout-flow\">\n<p>2. Tu progr\u00e9deris ut aur\u00f3ra, valde r\u00fatilans.&nbsp;<br>Affers g\u00e1udia sal\u00fatis.&nbsp;<br>Per te ortus est Christus Deus, sol justitiae.&nbsp;<br>O f\u00falgida porta lucis.&nbsp;<\/p>\n\n\n\n<p>3. Sicut lilium inter spinas: inter filias<br>Sic tu, Virgo benedicta.<br>Tuum ref\u00falget vestim\u00e9ntum ut nix c\u00e1ndidum<br>Sicut sol facies tua.<\/p>\n\n\n\n<p>4. In terra nostra vox audita, vox dulcissima,&nbsp;<br>vox t\u00farturis, vox col\u00fambae&nbsp;<br>Assume pennas, o col\u00famba formosissima!<br>Surge, pr\u00f3pera et veni.<\/p>\n<\/div>\n\n\n\n<div class=\"wp-block-column is-layout-flow wp-block-column-is-layout-flow\">\n<p><em>Thou goest forth like the rose-tinted dawn;&nbsp;<\/em><br><em>Thou bringest the joys of salvation;&nbsp;<\/em><br><em>Through thee Christ is risen, our God, the sun of justice.&nbsp;<\/em><br><em>O gleaming portal of light.<\/em><\/p>\n\n\n\n<p><em>Like a lily among thorns,&nbsp;<\/em><br><em>So art thou blest among the daughters, O Virgin.&nbsp;<\/em><br><em>Thy shining raiment white as snow,&nbsp;<\/em><br><em>Thy face like the sun.<\/em><\/p>\n\n\n\n<p><em>A voice is heard in our land, a voice most sweet,&nbsp;<\/em><br><em>The voice of the dove and turtledove:&nbsp;<\/em><br><em>Take wing, O dove most fair!&nbsp;<\/em><br><em>Arise, hasten, and come.<\/em><\/p>\n<\/div>\n<\/div>\n\n\n\n<h3 class=\"has-text-align-center wp-block-heading\"><strong>Prayer for the Pope<\/strong><\/h3>\n\n\n\n<div class=\"wp-block-columns is-layout-flex wp-container-core-columns-is-layout-9d6595d7 wp-block-columns-is-layout-flex\">\n<div class=\"wp-block-column is-layout-flow wp-block-column-is-layout-flow\" style=\"flex-basis:66.66%\">\n<figure class=\"wp-block-image size-large\"><img loading=\"lazy\" decoding=\"async\" width=\"537\" height=\"182\" src=\"https:\/\/icksp.org.uk\/newbrighton\/wp-content\/uploads\/sites\/2\/2020\/11\/Tu-es-petrus.png\" alt=\"\" class=\"wp-image-2963\" srcset=\"https:\/\/icksp.org.uk\/newbrighton\/wp-content\/uploads\/sites\/2\/2020\/11\/Tu-es-petrus.png 537w, https:\/\/icksp.org.uk\/newbrighton\/wp-content\/uploads\/sites\/2\/2020\/11\/Tu-es-petrus-300x102.png 300w\" sizes=\"auto, (max-width: 537px) 100vw, 537px\" \/><\/figure>\n<\/div>\n\n\n\n<div class=\"wp-block-column is-layout-flow wp-block-column-is-layout-flow\" style=\"flex-basis:33.33%\">\n<p><em>Thou art Peter, and upon this rock I will build my Church.<\/em><\/p>\n<\/div>\n<\/div>\n\n\n\n<div class=\"wp-block-columns is-layout-flex wp-container-core-columns-is-layout-9d6595d7 wp-block-columns-is-layout-flex\">\n<div class=\"wp-block-column is-layout-flow wp-block-column-is-layout-flow\">\n<p>V. Fiat manus tua super virum d\u00e9xter\u00e6 tu\u00e6.<br>R. Et super f\u00edlium h\u00f3minis quem confirm\u00e1sti tibi.<\/p>\n\n\n\n<p>Or\u00e9mus<br>DEUS, \u00f3mnium fid\u00e9lium pastor et rector famulum tuum N. quem Past\u00f3rem Eccl\u00e9si\u00e6 tu\u00e6 pr\u00e6\u00e9sse volu\u00edsti, prop\u00edtius r\u00e9spice:\u202f<em>\u2020<\/em> da ei, qusumus, verbo et ex\u00e9mplo quibus pr\u00e6est prof\u00edcere;\u202f<em>*<\/em> ut ad vitam, una cum grege sibi cr\u00e9dito, perv\u00e9niat sempit\u00e9rnam. Per Christum D\u00f3minum nostrum. &nbsp;<br><em>R. <\/em>Amen.<\/p>\n<\/div>\n\n\n\n<div class=\"wp-block-column is-layout-flow wp-block-column-is-layout-flow\">\n<p><em>V.<\/em> May Thy hand be upon the man of Thy right hand.<br><em>R.<\/em> And upon the son of man whom Thou hast confirmed.<\/p>\n\n\n\n<p>Let us pray<br>O&nbsp;God, the Shepherd and Ruler of all the faithful, graciously look upon Thy servant Pope <em>N.<\/em> whom Thou hast been pleased to appoint pastor over Thy Church: grant, we beseech Thee, that by both word and example he may edify those over whom he is set, and together with the flock committed to his care, may attain to eternal life. Through Christ Our Lord.&nbsp;<br><em>R. <\/em>Amen.<\/p>\n<\/div>\n<\/div>\n\n\n\n<h3 class=\"has-text-align-center wp-block-heading\"><strong>Tantum ergo<\/strong><\/h3>\n\n\n\n<div class=\"wp-block-columns is-layout-flex wp-container-core-columns-is-layout-9d6595d7 wp-block-columns-is-layout-flex\">\n<div class=\"wp-block-column is-layout-flow wp-block-column-is-layout-flow\" style=\"flex-basis:66.66%\">\n<figure class=\"wp-block-image size-large\"><img loading=\"lazy\" decoding=\"async\" width=\"540\" height=\"535\" src=\"https:\/\/icksp.org.uk\/newbrighton\/wp-content\/uploads\/sites\/2\/2020\/11\/Tantum-ergo.png\" alt=\"\" class=\"wp-image-2962\" srcset=\"https:\/\/icksp.org.uk\/newbrighton\/wp-content\/uploads\/sites\/2\/2020\/11\/Tantum-ergo.png 540w, https:\/\/icksp.org.uk\/newbrighton\/wp-content\/uploads\/sites\/2\/2020\/11\/Tantum-ergo-300x297.png 300w, https:\/\/icksp.org.uk\/newbrighton\/wp-content\/uploads\/sites\/2\/2020\/11\/Tantum-ergo-150x150.png 150w, https:\/\/icksp.org.uk\/newbrighton\/wp-content\/uploads\/sites\/2\/2020\/11\/Tantum-ergo-45x45.png 45w\" sizes=\"auto, (max-width: 540px) 100vw, 540px\" \/><\/figure>\n<\/div>\n\n\n\n<div class=\"wp-block-column is-layout-flow wp-block-column-is-layout-flow\" style=\"flex-basis:33.33%\">\n<p><em>Down in adoration falling; lo! the sacred Host we hail;&nbsp;<\/em><br><em>Lo! o&#8217;er ancient forms departing, newer rites of grace prevail;&nbsp;<\/em><br><em>Faith for all defects supplying, where the feeble senses fail.<\/em><\/p>\n\n\n\n<p><br><em>To the Everlasting Father, and the Son Who reigns on high,&nbsp;<\/em><br><em>With the Holy Ghost proceeding forth from Each eternally,&nbsp;<\/em><br><em>Be salvation, honour, blessing, might, and endless majesty. Amen<\/em><\/p>\n<\/div>\n<\/div>\n\n\n\n<div class=\"wp-block-columns is-layout-flex wp-container-core-columns-is-layout-9d6595d7 wp-block-columns-is-layout-flex\">\n<div class=\"wp-block-column is-layout-flow wp-block-column-is-layout-flow\">\n<p><em>V. <\/em>Panem de c\u00e6lo pr\u00e6stit\u00edsti eis.<br><em>R.<\/em> Omne delectam\u00e9ntum in se hab\u00e9ntem.<\/p>\n\n\n\n<p>Or\u00e9mus<br>DEUS, qui nobis sub Sacram\u00e9nto mir\u00e1bili Passi\u00f3nis tu\u00e6 mem\u00f3riam reliqu\u00edsti:&nbsp;\u2020 tr\u00edbue, qu\u01fdsumus; ita nos C\u00f3rporis et S\u00e1nguinis tui sacra myst\u00e9ria vener\u00e1ri,&nbsp;* ut redempti\u00f3nis tu\u00e6 fructum in nobis j\u00fagiter senti\u00e1mus. Qui vivis et regnas in s\u00e6cula s\u00e6cul\u00f3rum.<br><em>R.<\/em> Amen.<\/p>\n<\/div>\n\n\n\n<div class=\"wp-block-column is-layout-flow wp-block-column-is-layout-flow\">\n<p>V. Thou hast given them bread from heaven.<br><em>R.<\/em> Having within it all sweetness.<\/p>\n\n\n\n<p>Let us pray<br>O&nbsp;God, who in this wonderful Sacrament left us a memorial of Thy Passion: grant, we implore Thee, that we may so venerate the sacred mysteries of Thy Body and Blood, as always to be conscious of the fruit of Thy Redemption. Thou who livest and reignest forever and ever.&nbsp;<br><em>R.&nbsp;<\/em> Amen<\/p>\n<\/div>\n<\/div>\n\n\n\n<h3 class=\"has-text-align-center wp-block-heading\"><strong>Divine Praises<\/strong><\/h3>\n\n\n\n<p>Blessed be God.<br>Blessed be His holy name.<br>Blessed be Jesus Christ, true God and true man.<br>Blessed be the name of Jesus.<br>Blessed be His most Sacred Heart.<br>Blessed be His most Precious Blood.<br>Blessed be Jesus in the most Holy Sacrament of the Altar.<br>Blessed be the Holy Ghost the Paraclete.<br>Blessed be the great Mother of God, Mary most holy.<br>Blessed be her holy and immaculate Conception.<br>Blessed be her glorious Assumption.<br>Blessed be the name of Mary, Virgin and Mother.<br>Blessed be Saint Joseph, her spouse most chaste.<br>Blessed be God in His angels and in His saints.<br>O Lord, send us priests.<br>O Lord, send us holy priests.<br>O Lord, send us many holy priests and religious vocations.<\/p>\n\n\n\n<h3 class=\"has-text-align-center wp-block-heading\"><strong>Prayer for England<\/strong><\/h3>\n\n\n\n<p>O blessed Virgin Mary, Mother of God and our most gentle Queen and Mother, look down in mercy upon England thy Dowry and upon us all who greatly hope and trust in thee. By thee it was that Jesus our Saviour and our hope was given unto the world; and He has given thee to us that we might hope still more.&nbsp;<br>Plead for us thy children, whom thou didst receive and accept at the foot of the Cross, O sorrowful Mother. Intercede for our separated brethren, that with us in the one true fold they may be united to the chief Shepherd, the Vicar of thy Son.<br>Pray for us all, dear Mother, that by faith fruitful in good works we may all deserve to see and praise God, together with thee, in our heavenly home.&nbsp;<br>Amen.<\/p>\n\n\n\n<h3 class=\"has-text-align-center wp-block-heading\"><strong>Reposition<\/strong><\/h3>\n\n\n\n<div class=\"wp-block-columns is-layout-flex wp-container-core-columns-is-layout-9d6595d7 wp-block-columns-is-layout-flex\">\n<div class=\"wp-block-column is-layout-flow wp-block-column-is-layout-flow\" style=\"flex-basis:66.66%\">\n<figure class=\"wp-block-image size-large\"><img loading=\"lazy\" decoding=\"async\" width=\"536\" height=\"610\" src=\"https:\/\/icksp.org.uk\/newbrighton\/wp-content\/uploads\/sites\/2\/2020\/11\/Adoremus.png\" alt=\"\" class=\"wp-image-2960\" srcset=\"https:\/\/icksp.org.uk\/newbrighton\/wp-content\/uploads\/sites\/2\/2020\/11\/Adoremus.png 536w, https:\/\/icksp.org.uk\/newbrighton\/wp-content\/uploads\/sites\/2\/2020\/11\/Adoremus-264x300.png 264w\" sizes=\"auto, (max-width: 536px) 100vw, 536px\" \/><\/figure>\n<\/div>\n\n\n\n<div class=\"wp-block-column is-layout-flow wp-block-column-is-layout-flow\" style=\"flex-basis:33.33%\"><\/div>\n<\/div>\n","protected":false},"excerpt":{"rendered":"<p>Download and print the booklet The priest arrives at the foot of the altar and leads the people in reciting one decade of the Rosary, followed three times by the invocation: \u201cO Mary, conceived without sin, pray for us who have recourse to thee\u201d. Then a sermon might follow. Exposition of the Blessed Sacrament Hail &#8230; <a title=\"Novena in preparation to the feast of the Immaculate Conception\" class=\"read-more\" href=\"https:\/\/icksp.org.uk\/newbrighton\/immaculate-conception\/\" aria-label=\"Read more about Novena in preparation to the feast of the Immaculate Conception\">Read more<\/a><\/p>\n","protected":false},"author":4,"featured_media":0,"parent":0,"menu_order":0,"comment_status":"closed","ping_status":"closed","template":"","meta":{"ngg_post_thumbnail":0,"footnotes":"","_links_to":"","_links_to_target":""},"class_list":["post-2948","page","type-page","status-publish"],"yoast_head":"<!-- This site is optimized with the Yoast SEO plugin v27.3 - https:\/\/yoast.com\/product\/yoast-seo-wordpress\/ -->\n<title>Novena in preparation to the feast of the Immaculate Conception - Ss. Peter &amp; Paul and St Philomena<\/title>\n<meta name=\"robots\" content=\"index, follow, max-snippet:-1, max-image-preview:large, max-video-preview:-1\" \/>\n<link rel=\"canonical\" href=\"https:\/\/icksp.org.uk\/newbrighton\/immaculate-conception\/\" \/>\n<meta property=\"og:locale\" content=\"en_GB\" \/>\n<meta property=\"og:type\" content=\"article\" \/>\n<meta property=\"og:title\" content=\"Novena in preparation to the feast of the Immaculate Conception - Ss. Peter &amp; Paul and St Philomena\" \/>\n<meta property=\"og:description\" content=\"Download and print the booklet The priest arrives at the foot of the altar and leads the people in reciting one decade of the Rosary, followed three times by the invocation: \u201cO Mary, conceived without sin, pray for us who have recourse to thee\u201d. Then a sermon might follow. Exposition of the Blessed Sacrament Hail ... Read more\" \/>\n<meta property=\"og:url\" content=\"https:\/\/icksp.org.uk\/newbrighton\/immaculate-conception\/\" \/>\n<meta property=\"og:site_name\" content=\"Ss. Peter &amp; Paul and St Philomena\" \/>\n<meta property=\"article:modified_time\" content=\"2020-11-19T12:42:18+00:00\" \/>\n<meta property=\"og:image\" content=\"https:\/\/icksp.org.uk\/newbrighton\/wp-content\/uploads\/sites\/2\/2020\/11\/Ave-Verum.png\" \/>\n<meta name=\"twitter:card\" content=\"summary_large_image\" \/>\n<meta name=\"twitter:label1\" content=\"Estimated reading time\" \/>\n\t<meta name=\"twitter:data1\" content=\"6 minutes\" \/>\n<script type=\"application\/ld+json\" class=\"yoast-schema-graph\">{\"@context\":\"https:\\\/\\\/schema.org\",\"@graph\":[{\"@type\":\"WebPage\",\"@id\":\"https:\\\/\\\/icksp.org.uk\\\/newbrighton\\\/immaculate-conception\\\/\",\"url\":\"https:\\\/\\\/icksp.org.uk\\\/newbrighton\\\/immaculate-conception\\\/\",\"name\":\"Novena in preparation to the feast of the Immaculate Conception - Ss. Peter &amp; Paul and St Philomena\",\"isPartOf\":{\"@id\":\"https:\\\/\\\/icksp.org.uk\\\/newbrighton\\\/#website\"},\"primaryImageOfPage\":{\"@id\":\"https:\\\/\\\/icksp.org.uk\\\/newbrighton\\\/immaculate-conception\\\/#primaryimage\"},\"image\":{\"@id\":\"https:\\\/\\\/icksp.org.uk\\\/newbrighton\\\/immaculate-conception\\\/#primaryimage\"},\"thumbnailUrl\":\"https:\\\/\\\/icksp.org.uk\\\/newbrighton\\\/wp-content\\\/uploads\\\/sites\\\/2\\\/2020\\\/11\\\/Ave-Verum.png\",\"datePublished\":\"2020-11-19T10:42:03+00:00\",\"dateModified\":\"2020-11-19T12:42:18+00:00\",\"breadcrumb\":{\"@id\":\"https:\\\/\\\/icksp.org.uk\\\/newbrighton\\\/immaculate-conception\\\/#breadcrumb\"},\"inLanguage\":\"en-GB\",\"potentialAction\":[{\"@type\":\"ReadAction\",\"target\":[\"https:\\\/\\\/icksp.org.uk\\\/newbrighton\\\/immaculate-conception\\\/\"]}]},{\"@type\":\"ImageObject\",\"inLanguage\":\"en-GB\",\"@id\":\"https:\\\/\\\/icksp.org.uk\\\/newbrighton\\\/immaculate-conception\\\/#primaryimage\",\"url\":\"https:\\\/\\\/icksp.org.uk\\\/newbrighton\\\/wp-content\\\/uploads\\\/sites\\\/2\\\/2020\\\/11\\\/Ave-Verum.png\",\"contentUrl\":\"https:\\\/\\\/icksp.org.uk\\\/newbrighton\\\/wp-content\\\/uploads\\\/sites\\\/2\\\/2020\\\/11\\\/Ave-Verum.png\",\"width\":532,\"height\":453},{\"@type\":\"BreadcrumbList\",\"@id\":\"https:\\\/\\\/icksp.org.uk\\\/newbrighton\\\/immaculate-conception\\\/#breadcrumb\",\"itemListElement\":[{\"@type\":\"ListItem\",\"position\":1,\"name\":\"Home\",\"item\":\"https:\\\/\\\/icksp.org.uk\\\/newbrighton\\\/\"},{\"@type\":\"ListItem\",\"position\":2,\"name\":\"Novena in preparation to the feast of the Immaculate Conception\"}]},{\"@type\":\"WebSite\",\"@id\":\"https:\\\/\\\/icksp.org.uk\\\/newbrighton\\\/#website\",\"url\":\"https:\\\/\\\/icksp.org.uk\\\/newbrighton\\\/\",\"name\":\"Ss. Peter &amp; Paul and St Philomena\",\"description\":\"New Brighton, Wirral\",\"publisher\":{\"@id\":\"https:\\\/\\\/icksp.org.uk\\\/newbrighton\\\/#organization\"},\"potentialAction\":[{\"@type\":\"SearchAction\",\"target\":{\"@type\":\"EntryPoint\",\"urlTemplate\":\"https:\\\/\\\/icksp.org.uk\\\/newbrighton\\\/?s={search_term_string}\"},\"query-input\":{\"@type\":\"PropertyValueSpecification\",\"valueRequired\":true,\"valueName\":\"search_term_string\"}}],\"inLanguage\":\"en-GB\"},{\"@type\":\"Organization\",\"@id\":\"https:\\\/\\\/icksp.org.uk\\\/newbrighton\\\/#organization\",\"name\":\"Ss. Peter &amp; Paul and St Philomena\",\"url\":\"https:\\\/\\\/icksp.org.uk\\\/newbrighton\\\/\",\"logo\":{\"@type\":\"ImageObject\",\"inLanguage\":\"en-GB\",\"@id\":\"https:\\\/\\\/icksp.org.uk\\\/newbrighton\\\/#\\\/schema\\\/logo\\\/image\\\/\",\"url\":\"https:\\\/\\\/icksp.org.uk\\\/newbrighton\\\/wp-content\\\/uploads\\\/sites\\\/2\\\/2018\\\/11\\\/Institut-Wappen-dunkelblau-Transparent-2017sm.png\",\"contentUrl\":\"https:\\\/\\\/icksp.org.uk\\\/newbrighton\\\/wp-content\\\/uploads\\\/sites\\\/2\\\/2018\\\/11\\\/Institut-Wappen-dunkelblau-Transparent-2017sm.png\",\"width\":80,\"height\":100,\"caption\":\"Ss. Peter &amp; Paul and St Philomena\"},\"image\":{\"@id\":\"https:\\\/\\\/icksp.org.uk\\\/newbrighton\\\/#\\\/schema\\\/logo\\\/image\\\/\"}}]}<\/script>\n<!-- \/ Yoast SEO plugin. -->","yoast_head_json":{"title":"Novena in preparation to the feast of the Immaculate Conception - Ss. Peter &amp; Paul and St Philomena","robots":{"index":"index","follow":"follow","max-snippet":"max-snippet:-1","max-image-preview":"max-image-preview:large","max-video-preview":"max-video-preview:-1"},"canonical":"https:\/\/icksp.org.uk\/newbrighton\/immaculate-conception\/","og_locale":"en_GB","og_type":"article","og_title":"Novena in preparation to the feast of the Immaculate Conception - Ss. Peter &amp; Paul and St Philomena","og_description":"Download and print the booklet The priest arrives at the foot of the altar and leads the people in reciting one decade of the Rosary, followed three times by the invocation: \u201cO Mary, conceived without sin, pray for us who have recourse to thee\u201d. Then a sermon might follow. Exposition of the Blessed Sacrament Hail ... Read more","og_url":"https:\/\/icksp.org.uk\/newbrighton\/immaculate-conception\/","og_site_name":"Ss. Peter &amp; Paul and St Philomena","article_modified_time":"2020-11-19T12:42:18+00:00","og_image":[{"url":"https:\/\/icksp.org.uk\/newbrighton\/wp-content\/uploads\/sites\/2\/2020\/11\/Ave-Verum.png","type":"","width":"","height":""}],"twitter_card":"summary_large_image","twitter_misc":{"Estimated reading time":"6 minutes"},"schema":{"@context":"https:\/\/schema.org","@graph":[{"@type":"WebPage","@id":"https:\/\/icksp.org.uk\/newbrighton\/immaculate-conception\/","url":"https:\/\/icksp.org.uk\/newbrighton\/immaculate-conception\/","name":"Novena in preparation to the feast of the Immaculate Conception - Ss. Peter &amp; Paul and St Philomena","isPartOf":{"@id":"https:\/\/icksp.org.uk\/newbrighton\/#website"},"primaryImageOfPage":{"@id":"https:\/\/icksp.org.uk\/newbrighton\/immaculate-conception\/#primaryimage"},"image":{"@id":"https:\/\/icksp.org.uk\/newbrighton\/immaculate-conception\/#primaryimage"},"thumbnailUrl":"https:\/\/icksp.org.uk\/newbrighton\/wp-content\/uploads\/sites\/2\/2020\/11\/Ave-Verum.png","datePublished":"2020-11-19T10:42:03+00:00","dateModified":"2020-11-19T12:42:18+00:00","breadcrumb":{"@id":"https:\/\/icksp.org.uk\/newbrighton\/immaculate-conception\/#breadcrumb"},"inLanguage":"en-GB","potentialAction":[{"@type":"ReadAction","target":["https:\/\/icksp.org.uk\/newbrighton\/immaculate-conception\/"]}]},{"@type":"ImageObject","inLanguage":"en-GB","@id":"https:\/\/icksp.org.uk\/newbrighton\/immaculate-conception\/#primaryimage","url":"https:\/\/icksp.org.uk\/newbrighton\/wp-content\/uploads\/sites\/2\/2020\/11\/Ave-Verum.png","contentUrl":"https:\/\/icksp.org.uk\/newbrighton\/wp-content\/uploads\/sites\/2\/2020\/11\/Ave-Verum.png","width":532,"height":453},{"@type":"BreadcrumbList","@id":"https:\/\/icksp.org.uk\/newbrighton\/immaculate-conception\/#breadcrumb","itemListElement":[{"@type":"ListItem","position":1,"name":"Home","item":"https:\/\/icksp.org.uk\/newbrighton\/"},{"@type":"ListItem","position":2,"name":"Novena in preparation to the feast of the Immaculate Conception"}]},{"@type":"WebSite","@id":"https:\/\/icksp.org.uk\/newbrighton\/#website","url":"https:\/\/icksp.org.uk\/newbrighton\/","name":"Ss. Peter &amp; Paul and St Philomena","description":"New Brighton, Wirral","publisher":{"@id":"https:\/\/icksp.org.uk\/newbrighton\/#organization"},"potentialAction":[{"@type":"SearchAction","target":{"@type":"EntryPoint","urlTemplate":"https:\/\/icksp.org.uk\/newbrighton\/?s={search_term_string}"},"query-input":{"@type":"PropertyValueSpecification","valueRequired":true,"valueName":"search_term_string"}}],"inLanguage":"en-GB"},{"@type":"Organization","@id":"https:\/\/icksp.org.uk\/newbrighton\/#organization","name":"Ss. Peter &amp; Paul and St Philomena","url":"https:\/\/icksp.org.uk\/newbrighton\/","logo":{"@type":"ImageObject","inLanguage":"en-GB","@id":"https:\/\/icksp.org.uk\/newbrighton\/#\/schema\/logo\/image\/","url":"https:\/\/icksp.org.uk\/newbrighton\/wp-content\/uploads\/sites\/2\/2018\/11\/Institut-Wappen-dunkelblau-Transparent-2017sm.png","contentUrl":"https:\/\/icksp.org.uk\/newbrighton\/wp-content\/uploads\/sites\/2\/2018\/11\/Institut-Wappen-dunkelblau-Transparent-2017sm.png","width":80,"height":100,"caption":"Ss. Peter &amp; Paul and St Philomena"},"image":{"@id":"https:\/\/icksp.org.uk\/newbrighton\/#\/schema\/logo\/image\/"}}]}},"_links":{"self":[{"href":"https:\/\/icksp.org.uk\/newbrighton\/wp-json\/wp\/v2\/pages\/2948","targetHints":{"allow":["GET"]}}],"collection":[{"href":"https:\/\/icksp.org.uk\/newbrighton\/wp-json\/wp\/v2\/pages"}],"about":[{"href":"https:\/\/icksp.org.uk\/newbrighton\/wp-json\/wp\/v2\/types\/page"}],"author":[{"embeddable":true,"href":"https:\/\/icksp.org.uk\/newbrighton\/wp-json\/wp\/v2\/users\/4"}],"replies":[{"embeddable":true,"href":"https:\/\/icksp.org.uk\/newbrighton\/wp-json\/wp\/v2\/comments?post=2948"}],"version-history":[{"count":16,"href":"https:\/\/icksp.org.uk\/newbrighton\/wp-json\/wp\/v2\/pages\/2948\/revisions"}],"predecessor-version":[{"id":2980,"href":"https:\/\/icksp.org.uk\/newbrighton\/wp-json\/wp\/v2\/pages\/2948\/revisions\/2980"}],"wp:attachment":[{"href":"https:\/\/icksp.org.uk\/newbrighton\/wp-json\/wp\/v2\/media?parent=2948"}],"curies":[{"name":"wp","href":"https:\/\/api.w.org\/{rel}","templated":true}]}}